{"id":1256,"date":"2022-08-03T07:25:34","date_gmt":"2022-08-03T07:25:34","guid":{"rendered":"https:\/\/www.propea.eu\/elektro-storitve\/"},"modified":"2024-02-08T05:55:30","modified_gmt":"2024-02-08T04:55:30","slug":"electrical-services","status":"publish","type":"page","link":"https:\/\/www.propea.eu\/en\/electrical-services\/","title":{"rendered":"Electrical services"},"content":{"rendered":"","protected":false},"excerpt":{"rendered":"","protected":false},"author":1,"featured_media":0,"parent":0,"menu_order":0,"comment_status":"closed","ping_status":"closed","template":"page-electro-services.php","meta":{"footnotes":""},"class_list":["post-1256","page","type-page","status-publish","hentry"],"acf":[],"yoast_head":"<!-- This site is optimized with the Yoast SEO plugin v21.7 - https:\/\/yoast.com\/wordpress\/plugins\/seo\/ -->\n<title>Electrical services - Propea<\/title>\n<meta name=\"description\" content=\"S projektom elektri\u010dnih instalacij na\u0161i strokovnjaki za vas izdelajo u\u010dinkovit, prilagodljiv in var\u010den poslovni ali industrijski objekt.\" \/>\n<meta name=\"robots\" content=\"index, follow, max-snippet:-1, max-image-preview:large, max-video-preview:-1\" \/>\n<link rel=\"canonical\" href=\"https:\/\/www.propea.eu\/en\/electrical-services\/\" \/>\n<meta property=\"og:locale\" content=\"en_US\" \/>\n<meta property=\"og:type\" content=\"article\" \/>\n<meta property=\"og:title\" content=\"Elektro storitve\" \/>\n<meta property=\"og:description\" content=\"S projektom elektri\u010dnih instalacij na\u0161i strokovnjaki za vas izdelajo u\u010dinkovit, prilagodljiv in var\u010den poslovni ali industrijski objekt.\" \/>\n<meta property=\"og:url\" content=\"https:\/\/www.propea.eu\/en\/electrical-services\/\" \/>\n<meta property=\"og:site_name\" content=\"Propea\" \/>\n<meta property=\"article:modified_time\" content=\"2024-02-08T04:55:30+00:00\" \/>\n<meta property=\"og:image\" content=\"https:\/\/www.propea.eu\/wp-content\/uploads\/2023\/07\/IMG_0408-e1689060497877.jpg\" \/>\n\t<meta property=\"og:image:width\" content=\"2000\" \/>\n\t<meta property=\"og:image:height\" content=\"800\" \/>\n\t<meta property=\"og:image:type\" content=\"image\/jpeg\" \/>\n<meta name=\"twitter:card\" content=\"summary_large_image\" \/>\n<script type=\"application\/ld+json\" class=\"yoast-schema-graph\">{\"@context\":\"https:\/\/schema.org\",\"@graph\":[{\"@type\":\"WebPage\",\"@id\":\"https:\/\/www.propea.eu\/en\/electrical-services\/\",\"url\":\"https:\/\/www.propea.eu\/en\/electrical-services\/\",\"name\":\"Electrical services - Propea\",\"isPartOf\":{\"@id\":\"https:\/\/www.propea.eu\/#website\"},\"datePublished\":\"2022-08-03T07:25:34+00:00\",\"dateModified\":\"2024-02-08T04:55:30+00:00\",\"description\":\"S projektom elektri\u010dnih instalacij na\u0161i strokovnjaki za vas izdelajo u\u010dinkovit, prilagodljiv in var\u010den poslovni ali industrijski objekt.\",\"breadcrumb\":{\"@id\":\"https:\/\/www.propea.eu\/en\/electrical-services\/#breadcrumb\"},\"inLanguage\":\"en-US\",\"potentialAction\":[{\"@type\":\"ReadAction\",\"target\":[\"https:\/\/www.propea.eu\/en\/electrical-services\/\"]}]},{\"@type\":\"BreadcrumbList\",\"@id\":\"https:\/\/www.propea.eu\/en\/electrical-services\/#breadcrumb\",\"itemListElement\":[{\"@type\":\"ListItem\",\"position\":1,\"name\":\"Home\",\"item\":\"https:\/\/www.propea.eu\/en\/\"},{\"@type\":\"ListItem\",\"position\":2,\"name\":\"Electrical services\"}]},{\"@type\":\"WebSite\",\"@id\":\"https:\/\/www.propea.eu\/#website\",\"url\":\"https:\/\/www.propea.eu\/\",\"name\":\"Propea\",\"description\":\"\",\"potentialAction\":[{\"@type\":\"SearchAction\",\"target\":{\"@type\":\"EntryPoint\",\"urlTemplate\":\"https:\/\/www.propea.eu\/?s={search_term_string}\"},\"query-input\":\"required name=search_term_string\"}],\"inLanguage\":\"en-US\"}]}<\/script>\n<!-- \/ Yoast SEO plugin. -->","yoast_head_json":{"title":"Electrical services - Propea","description":"S projektom elektri\u010dnih instalacij na\u0161i strokovnjaki za vas izdelajo u\u010dinkovit, prilagodljiv in var\u010den poslovni ali industrijski objekt.","robots":{"index":"index","follow":"follow","max-snippet":"max-snippet:-1","max-image-preview":"max-image-preview:large","max-video-preview":"max-video-preview:-1"},"canonical":"https:\/\/www.propea.eu\/en\/electrical-services\/","og_locale":"en_US","og_type":"article","og_title":"Elektro storitve","og_description":"S projektom elektri\u010dnih instalacij na\u0161i strokovnjaki za vas izdelajo u\u010dinkovit, prilagodljiv in var\u010den poslovni ali industrijski objekt.","og_url":"https:\/\/www.propea.eu\/en\/electrical-services\/","og_site_name":"Propea","article_modified_time":"2024-02-08T04:55:30+00:00","og_image":[{"width":2000,"height":800,"url":"https:\/\/www.propea.eu\/wp-content\/uploads\/2023\/07\/IMG_0408-e1689060497877.jpg","type":"image\/jpeg"}],"twitter_card":"summary_large_image","schema":{"@context":"https:\/\/schema.org","@graph":[{"@type":"WebPage","@id":"https:\/\/www.propea.eu\/en\/electrical-services\/","url":"https:\/\/www.propea.eu\/en\/electrical-services\/","name":"Electrical services - Propea","isPartOf":{"@id":"https:\/\/www.propea.eu\/#website"},"datePublished":"2022-08-03T07:25:34+00:00","dateModified":"2024-02-08T04:55:30+00:00","description":"S projektom elektri\u010dnih instalacij na\u0161i strokovnjaki za vas izdelajo u\u010dinkovit, prilagodljiv in var\u010den poslovni ali industrijski objekt.","breadcrumb":{"@id":"https:\/\/www.propea.eu\/en\/electrical-services\/#breadcrumb"},"inLanguage":"en-US","potentialAction":[{"@type":"ReadAction","target":["https:\/\/www.propea.eu\/en\/electrical-services\/"]}]},{"@type":"BreadcrumbList","@id":"https:\/\/www.propea.eu\/en\/electrical-services\/#breadcrumb","itemListElement":[{"@type":"ListItem","position":1,"name":"Home","item":"https:\/\/www.propea.eu\/en\/"},{"@type":"ListItem","position":2,"name":"Electrical services"}]},{"@type":"WebSite","@id":"https:\/\/www.propea.eu\/#website","url":"https:\/\/www.propea.eu\/","name":"Propea","description":"","potentialAction":[{"@type":"SearchAction","target":{"@type":"EntryPoint","urlTemplate":"https:\/\/www.propea.eu\/?s={search_term_string}"},"query-input":"required name=search_term_string"}],"inLanguage":"en-US"}]}},"_links":{"self":[{"href":"https:\/\/www.propea.eu\/en\/wp-json\/wp\/v2\/pages\/1256","targetHints":{"allow":["GET"]}}],"collection":[{"href":"https:\/\/www.propea.eu\/en\/wp-json\/wp\/v2\/pages"}],"about":[{"href":"https:\/\/www.propea.eu\/en\/wp-json\/wp\/v2\/types\/page"}],"author":[{"embeddable":true,"href":"https:\/\/www.propea.eu\/en\/wp-json\/wp\/v2\/users\/1"}],"replies":[{"embeddable":true,"href":"https:\/\/www.propea.eu\/en\/wp-json\/wp\/v2\/comments?post=1256"}],"version-history":[{"count":14,"href":"https:\/\/www.propea.eu\/en\/wp-json\/wp\/v2\/pages\/1256\/revisions"}],"predecessor-version":[{"id":1465,"href":"https:\/\/www.propea.eu\/en\/wp-json\/wp\/v2\/pages\/1256\/revisions\/1465"}],"wp:attachment":[{"href":"https:\/\/www.propea.eu\/en\/wp-json\/wp\/v2\/media?parent=1256"}],"curies":[{"name":"wp","href":"https:\/\/api.w.org\/{rel}","templated":true}]}}