{"id":1235,"date":"2022-02-22T11:03:30","date_gmt":"2022-02-22T11:03:30","guid":{"rendered":"https:\/\/www.propea.eu\/reference\/"},"modified":"2024-01-31T12:44:20","modified_gmt":"2024-01-31T12:44:20","slug":"references","status":"publish","type":"page","link":"https:\/\/www.propea.eu\/en\/references\/","title":{"rendered":"References"},"content":{"rendered":"","protected":false},"excerpt":{"rendered":"","protected":false},"author":1,"featured_media":0,"parent":0,"menu_order":0,"comment_status":"closed","ping_status":"closed","template":"page-references.php","meta":{"footnotes":""},"class_list":["post-1235","page","type-page","status-publish","hentry"],"acf":[],"yoast_head":"<!-- This site is optimized with the Yoast SEO plugin v21.7 - https:\/\/yoast.com\/wordpress\/plugins\/seo\/ -->\n<title>References - Propea<\/title>\n<meta name=\"description\" content=\"Rezultat na\u0161ih bogatih izku\u0161enj in inovativnih tehni\u010dnih re\u0161itev so vrhunski izdelki in dovr\u0161eni sistemi.\" \/>\n<meta name=\"robots\" content=\"index, follow, max-snippet:-1, max-image-preview:large, max-video-preview:-1\" \/>\n<link rel=\"canonical\" href=\"https:\/\/www.propea.eu\/en\/references\/\" \/>\n<meta property=\"og:locale\" content=\"en_US\" \/>\n<meta property=\"og:type\" content=\"article\" \/>\n<meta property=\"og:title\" content=\"References - Propea\" \/>\n<meta property=\"og:description\" content=\"Rezultat na\u0161ih bogatih izku\u0161enj in inovativnih tehni\u010dnih re\u0161itev so vrhunski izdelki in dovr\u0161eni sistemi.\" \/>\n<meta property=\"og:url\" content=\"https:\/\/www.propea.eu\/en\/references\/\" \/>\n<meta property=\"og:site_name\" content=\"Propea\" \/>\n<meta property=\"article:modified_time\" content=\"2024-01-31T12:44:20+00:00\" \/>\n<meta name=\"twitter:card\" content=\"summary_large_image\" \/>\n<script type=\"application\/ld+json\" class=\"yoast-schema-graph\">{\"@context\":\"https:\/\/schema.org\",\"@graph\":[{\"@type\":\"WebPage\",\"@id\":\"https:\/\/www.propea.eu\/en\/references\/\",\"url\":\"https:\/\/www.propea.eu\/en\/references\/\",\"name\":\"References - Propea\",\"isPartOf\":{\"@id\":\"https:\/\/www.propea.eu\/#website\"},\"datePublished\":\"2022-02-22T11:03:30+00:00\",\"dateModified\":\"2024-01-31T12:44:20+00:00\",\"description\":\"Rezultat na\u0161ih bogatih izku\u0161enj in inovativnih tehni\u010dnih re\u0161itev so vrhunski izdelki in dovr\u0161eni sistemi.\",\"breadcrumb\":{\"@id\":\"https:\/\/www.propea.eu\/en\/references\/#breadcrumb\"},\"inLanguage\":\"en-US\",\"potentialAction\":[{\"@type\":\"ReadAction\",\"target\":[\"https:\/\/www.propea.eu\/en\/references\/\"]}]},{\"@type\":\"BreadcrumbList\",\"@id\":\"https:\/\/www.propea.eu\/en\/references\/#breadcrumb\",\"itemListElement\":[{\"@type\":\"ListItem\",\"position\":1,\"name\":\"Home\",\"item\":\"https:\/\/www.propea.eu\/en\/\"},{\"@type\":\"ListItem\",\"position\":2,\"name\":\"References\"}]},{\"@type\":\"WebSite\",\"@id\":\"https:\/\/www.propea.eu\/#website\",\"url\":\"https:\/\/www.propea.eu\/\",\"name\":\"Propea\",\"description\":\"\",\"potentialAction\":[{\"@type\":\"SearchAction\",\"target\":{\"@type\":\"EntryPoint\",\"urlTemplate\":\"https:\/\/www.propea.eu\/?s={search_term_string}\"},\"query-input\":\"required name=search_term_string\"}],\"inLanguage\":\"en-US\"}]}<\/script>\n<!-- \/ Yoast SEO plugin. -->","yoast_head_json":{"title":"References - Propea","description":"Rezultat na\u0161ih bogatih izku\u0161enj in inovativnih tehni\u010dnih re\u0161itev so vrhunski izdelki in dovr\u0161eni sistemi.","robots":{"index":"index","follow":"follow","max-snippet":"max-snippet:-1","max-image-preview":"max-image-preview:large","max-video-preview":"max-video-preview:-1"},"canonical":"https:\/\/www.propea.eu\/en\/references\/","og_locale":"en_US","og_type":"article","og_title":"References - Propea","og_description":"Rezultat na\u0161ih bogatih izku\u0161enj in inovativnih tehni\u010dnih re\u0161itev so vrhunski izdelki in dovr\u0161eni sistemi.","og_url":"https:\/\/www.propea.eu\/en\/references\/","og_site_name":"Propea","article_modified_time":"2024-01-31T12:44:20+00:00","twitter_card":"summary_large_image","schema":{"@context":"https:\/\/schema.org","@graph":[{"@type":"WebPage","@id":"https:\/\/www.propea.eu\/en\/references\/","url":"https:\/\/www.propea.eu\/en\/references\/","name":"References - Propea","isPartOf":{"@id":"https:\/\/www.propea.eu\/#website"},"datePublished":"2022-02-22T11:03:30+00:00","dateModified":"2024-01-31T12:44:20+00:00","description":"Rezultat na\u0161ih bogatih izku\u0161enj in inovativnih tehni\u010dnih re\u0161itev so vrhunski izdelki in dovr\u0161eni sistemi.","breadcrumb":{"@id":"https:\/\/www.propea.eu\/en\/references\/#breadcrumb"},"inLanguage":"en-US","potentialAction":[{"@type":"ReadAction","target":["https:\/\/www.propea.eu\/en\/references\/"]}]},{"@type":"BreadcrumbList","@id":"https:\/\/www.propea.eu\/en\/references\/#breadcrumb","itemListElement":[{"@type":"ListItem","position":1,"name":"Home","item":"https:\/\/www.propea.eu\/en\/"},{"@type":"ListItem","position":2,"name":"References"}]},{"@type":"WebSite","@id":"https:\/\/www.propea.eu\/#website","url":"https:\/\/www.propea.eu\/","name":"Propea","description":"","potentialAction":[{"@type":"SearchAction","target":{"@type":"EntryPoint","urlTemplate":"https:\/\/www.propea.eu\/?s={search_term_string}"},"query-input":"required name=search_term_string"}],"inLanguage":"en-US"}]}},"_links":{"self":[{"href":"https:\/\/www.propea.eu\/en\/wp-json\/wp\/v2\/pages\/1235","targetHints":{"allow":["GET"]}}],"collection":[{"href":"https:\/\/www.propea.eu\/en\/wp-json\/wp\/v2\/pages"}],"about":[{"href":"https:\/\/www.propea.eu\/en\/wp-json\/wp\/v2\/types\/page"}],"author":[{"embeddable":true,"href":"https:\/\/www.propea.eu\/en\/wp-json\/wp\/v2\/users\/1"}],"replies":[{"embeddable":true,"href":"https:\/\/www.propea.eu\/en\/wp-json\/wp\/v2\/comments?post=1235"}],"version-history":[{"count":2,"href":"https:\/\/www.propea.eu\/en\/wp-json\/wp\/v2\/pages\/1235\/revisions"}],"predecessor-version":[{"id":1237,"href":"https:\/\/www.propea.eu\/en\/wp-json\/wp\/v2\/pages\/1235\/revisions\/1237"}],"wp:attachment":[{"href":"https:\/\/www.propea.eu\/en\/wp-json\/wp\/v2\/media?parent=1235"}],"curies":[{"name":"wp","href":"https:\/\/api.w.org\/{rel}","templated":true}]}}