{"id":1393,"date":"2024-02-05T18:46:10","date_gmt":"2024-02-05T17:46:10","guid":{"rendered":"https:\/\/www.propea.eu\/varnostno-oznacevanje\/"},"modified":"2024-02-08T06:15:27","modified_gmt":"2024-02-08T05:15:27","slug":"sicherheitskennzeichnung","status":"publish","type":"page","link":"https:\/\/www.propea.eu\/de\/sicherheitskennzeichnung\/","title":{"rendered":"Sicherheitskennzeichnung"},"content":{"rendered":"<p><strong>Innovativer Ansatz zur Verbesserung der Arbeitssicherheit.<\/strong><\/p>\n<p>Heutzutage ist die Reduzierung oder idealerweise die vollst\u00e4ndige Beseitigung von Arbeitsunf\u00e4llen eine Priorit\u00e4t. Ein Arbeitsunfall hat sowohl menschliche als auch wirtschaftliche Konsequenzen. Die Folgen eines Unfalls beeinflussen stark die betroffene Person, die verantwortliche Person und das Unternehmen, in dem der Unfall passiert ist.<\/p>\n<p>Der Industriesektor ist immer noch der Sektor, in dem die meisten Arbeitsunf\u00e4lle oder sogar Todesf\u00e4lle auftreten. Oft geschehen diese aufgrund schlechter Verkehrslenkung in der Produktion oder in Lagern, wo Sicherheitszeichen in der Regel aus Bodenmarkierungsband, Farbe und klebenden Sicherheitsaufklebern bestehen, die abnutzen und weniger sichtbar werden, und somit weniger effektiv sind.<\/p>\n<p><img loading=\"lazy\" decoding=\"async\" class=\"alignnone size-medium wp-image-1349\" src=\"https:\/\/www.propea.eu\/wp-content\/uploads\/2024\/02\/20190802_174231-225x300.jpg\" alt=\"\" width=\"225\" height=\"300\" srcset=\"https:\/\/www.propea.eu\/wp-content\/uploads\/2024\/02\/20190802_174231-225x300.jpg 225w, https:\/\/www.propea.eu\/wp-content\/uploads\/2024\/02\/20190802_174231-768x1024.jpg 768w, https:\/\/www.propea.eu\/wp-content\/uploads\/2024\/02\/20190802_174231.jpg 960w\" sizes=\"auto, (max-width: 225px) 100vw, 225px\" \/><img loading=\"lazy\" decoding=\"async\" class=\"alignnone size-medium wp-image-1364\" src=\"https:\/\/www.propea.eu\/wp-content\/uploads\/2024\/02\/Linea-166x300.jpg\" alt=\"\" width=\"166\" height=\"300\" srcset=\"https:\/\/www.propea.eu\/wp-content\/uploads\/2024\/02\/Linea-166x300.jpg 166w, https:\/\/www.propea.eu\/wp-content\/uploads\/2024\/02\/Linea-568x1024.jpg 568w, https:\/\/www.propea.eu\/wp-content\/uploads\/2024\/02\/Linea.jpg 584w\" sizes=\"auto, (max-width: 166px) 100vw, 166px\" \/><img loading=\"lazy\" decoding=\"async\" class=\"alignnone size-medium wp-image-1215\" src=\"https:\/\/www.propea.eu\/wp-content\/uploads\/2024\/01\/quat4-1-225x300.jpg\" alt=\"\" width=\"225\" height=\"300\" srcset=\"https:\/\/www.propea.eu\/wp-content\/uploads\/2024\/01\/quat4-1-225x300.jpg 225w, https:\/\/www.propea.eu\/wp-content\/uploads\/2024\/01\/quat4-1-768x1024.jpg 768w, https:\/\/www.propea.eu\/wp-content\/uploads\/2024\/01\/quat4-1.jpg 1024w\" sizes=\"auto, (max-width: 225px) 100vw, 225px\" \/><\/p>\n<p><strong>INNOVATIVE L\u00d6SUNG<\/strong><\/p>\n<p>Die Projektion von Sicherheitszeichen ist die effektivste und wirtschaftlichste L\u00f6sung, die auf dem Markt verf\u00fcgbar ist.<\/p>\n<p>Die Sicherheitsprojektionen sind weitaus besser als herk\u00f6mmliche Signalisationssysteme, da sie sich gut bei schlechten Sichtverh\u00e4ltnissen bew\u00e4hren. Ihre Anpassungsf\u00e4higkeit und Umweltfreundlichkeit haben zu ihrer raschen Verbreitung weltweit gef\u00fchrt.<\/p>\n<p><strong>PROJEZIERTE SIGNALISIERUNG<\/strong><\/p>\n<p>Wie funktioniert es also?<\/p>\n<p>Der Projektor wird an der Decke oder an der Wand installiert, und das Zeichen wird auf die Oberfl\u00e4che projiziert, was bedeutet, dass es auch bei schwachem Licht deutlich sichtbar ist. Die Auswahl des Projektors h\u00e4ngt von der H\u00f6he, dem Licht, in dem das Zeichen projiziert wird, und der Gr\u00f6\u00dfe des gew\u00fcnschten Zeichens ab. Der innovative Projektor ist vollst\u00e4ndig an die industrielle Umgebung angepasst. Er besteht aus leichtem Aluminium, ist wasserdicht mit IP65-Schutz und verf\u00fcgt \u00fcber ein passives W\u00e4rmemanagementsystem, das das Eindringen von Staub in das Ger\u00e4t verhindert.<\/p>\n<p>Neben dem Standardangebot an Zeichen und Logos bieten wir auch kundenspezifisch gestaltete Zeichen, Bilder und Logos an. Zus\u00e4tzliche Ausstattungen wie Bewegungssensoren erm\u00f6glichen eine vollst\u00e4ndig automatisierte Aktivierung der Projektoren und somit die Projektion von Zeichen. Optional steht eine Steuerung \u00fcber das Telefon mit entsprechender Software zur Verf\u00fcgung. Drahtlose (WLAN) Aktivierung des Bewegungssensors ist ebenfalls m\u00f6glich, wenn der Sensor in einem internen WLAN-Netzwerk oder in der Cloud vorhanden ist. Das System unterst\u00fctzt sowohl das DALI- als auch das DMX-Protokoll.<\/p>\n<p><img loading=\"lazy\" decoding=\"async\" class=\"alignnone size-medium wp-image-1384\" src=\"https:\/\/www.propea.eu\/wp-content\/uploads\/2024\/02\/logo-300x225.jpg\" alt=\"\" width=\"300\" height=\"225\" srcset=\"https:\/\/www.propea.eu\/wp-content\/uploads\/2024\/02\/logo-300x225.jpg 300w, https:\/\/www.propea.eu\/wp-content\/uploads\/2024\/02\/logo-1024x768.jpg 1024w, https:\/\/www.propea.eu\/wp-content\/uploads\/2024\/02\/logo-768x576.jpg 768w, https:\/\/www.propea.eu\/wp-content\/uploads\/2024\/02\/logo-1536x1152.jpg 1536w, https:\/\/www.propea.eu\/wp-content\/uploads\/2024\/02\/logo-400x300.jpg 400w, https:\/\/www.propea.eu\/wp-content\/uploads\/2024\/02\/logo.jpg 2048w\" sizes=\"auto, (max-width: 300px) 100vw, 300px\" \/> <img loading=\"lazy\" decoding=\"async\" class=\"alignnone size-medium wp-image-1381\" src=\"https:\/\/www.propea.eu\/wp-content\/uploads\/2024\/02\/House-300x225.jpg\" alt=\"\" width=\"300\" height=\"225\" srcset=\"https:\/\/www.propea.eu\/wp-content\/uploads\/2024\/02\/House-300x225.jpg 300w, https:\/\/www.propea.eu\/wp-content\/uploads\/2024\/02\/House-1024x768.jpg 1024w, https:\/\/www.propea.eu\/wp-content\/uploads\/2024\/02\/House-768x576.jpg 768w, https:\/\/www.propea.eu\/wp-content\/uploads\/2024\/02\/House-1536x1152.jpg 1536w, https:\/\/www.propea.eu\/wp-content\/uploads\/2024\/02\/House-400x300.jpg 400w, https:\/\/www.propea.eu\/wp-content\/uploads\/2024\/02\/House.jpg 1600w\" sizes=\"auto, (max-width: 300px) 100vw, 300px\" \/><\/p>\n<p>Bei Propea bieten wir nicht nur Projektoren, sondern auch die Entwicklung von Komplettsystemen an, einschlie\u00dflich Projektion, zusammen mit Sensoren und Steuerungen<\/p>\n<p>Sind Sie interessiert?<\/p>\n<p><a href=\"https:\/\/www.propea.eu\/de\/kontakt\/\">Schreiben Sie uns, und wir werden Ihnen gerne antworten.<\/a><\/p>\n<p>&nbsp;<\/p>\n","protected":false},"excerpt":{"rendered":"<p>Innovativer Ansatz zur Verbesserung der Arbeitssicherheit. Heutzutage ist die Reduzierung&#8230;<\/p>\n","protected":false},"author":3,"featured_media":1247,"parent":0,"menu_order":0,"comment_status":"closed","ping_status":"closed","template":"","meta":{"footnotes":""},"class_list":["post-1393","page","type-page","status-publish","has-post-thumbnail","hentry"],"acf":[],"yoast_head":"<!-- This site is optimized with the Yoast SEO plugin v21.7 - https:\/\/yoast.com\/wordpress\/plugins\/seo\/ -->\n<title>Sicherheitskennzeichnung - Propea<\/title>\n<meta name=\"robots\" content=\"index, follow, max-snippet:-1, max-image-preview:large, max-video-preview:-1\" \/>\n<link rel=\"canonical\" href=\"https:\/\/www.propea.eu\/de\/sicherheitskennzeichnung\/\" \/>\n<meta property=\"og:locale\" content=\"de_DE\" \/>\n<meta property=\"og:type\" content=\"article\" \/>\n<meta property=\"og:title\" content=\"Sicherheitskennzeichnung - Propea\" \/>\n<meta property=\"og:description\" content=\"Innovativer Ansatz zur Verbesserung der Arbeitssicherheit. Heutzutage ist die Reduzierung...\" \/>\n<meta property=\"og:url\" content=\"https:\/\/www.propea.eu\/de\/sicherheitskennzeichnung\/\" \/>\n<meta property=\"og:site_name\" content=\"Propea\" \/>\n<meta property=\"article:modified_time\" content=\"2024-02-08T05:15:27+00:00\" \/>\n<meta property=\"og:image\" content=\"https:\/\/www.propea.eu\/wp-content\/uploads\/2024\/01\/safety-signage_projection_idvum_signium.jpg\" \/>\n\t<meta property=\"og:image:width\" content=\"1183\" \/>\n\t<meta property=\"og:image:height\" content=\"788\" \/>\n\t<meta property=\"og:image:type\" content=\"image\/jpeg\" \/>\n<meta name=\"twitter:card\" content=\"summary_large_image\" \/>\n<meta name=\"twitter:label1\" content=\"Gesch\u00e4tzte Lesezeit\" \/>\n\t<meta name=\"twitter:data1\" content=\"4\u00a0Minuten\" \/>\n<script type=\"application\/ld+json\" class=\"yoast-schema-graph\">{\"@context\":\"https:\/\/schema.org\",\"@graph\":[{\"@type\":\"WebPage\",\"@id\":\"https:\/\/www.propea.eu\/de\/sicherheitskennzeichnung\/\",\"url\":\"https:\/\/www.propea.eu\/de\/sicherheitskennzeichnung\/\",\"name\":\"Sicherheitskennzeichnung - Propea\",\"isPartOf\":{\"@id\":\"https:\/\/www.propea.eu\/#website\"},\"datePublished\":\"2024-02-05T17:46:10+00:00\",\"dateModified\":\"2024-02-08T05:15:27+00:00\",\"breadcrumb\":{\"@id\":\"https:\/\/www.propea.eu\/de\/sicherheitskennzeichnung\/#breadcrumb\"},\"inLanguage\":\"de\",\"potentialAction\":[{\"@type\":\"ReadAction\",\"target\":[\"https:\/\/www.propea.eu\/de\/sicherheitskennzeichnung\/\"]}]},{\"@type\":\"BreadcrumbList\",\"@id\":\"https:\/\/www.propea.eu\/de\/sicherheitskennzeichnung\/#breadcrumb\",\"itemListElement\":[{\"@type\":\"ListItem\",\"position\":1,\"name\":\"Home\",\"item\":\"https:\/\/www.propea.eu\/de\/\"},{\"@type\":\"ListItem\",\"position\":2,\"name\":\"Sicherheitskennzeichnung\"}]},{\"@type\":\"WebSite\",\"@id\":\"https:\/\/www.propea.eu\/#website\",\"url\":\"https:\/\/www.propea.eu\/\",\"name\":\"Propea\",\"description\":\"\",\"potentialAction\":[{\"@type\":\"SearchAction\",\"target\":{\"@type\":\"EntryPoint\",\"urlTemplate\":\"https:\/\/www.propea.eu\/?s={search_term_string}\"},\"query-input\":\"required name=search_term_string\"}],\"inLanguage\":\"de\"}]}<\/script>\n<!-- \/ Yoast SEO plugin. -->","yoast_head_json":{"title":"Sicherheitskennzeichnung - Propea","robots":{"index":"index","follow":"follow","max-snippet":"max-snippet:-1","max-image-preview":"max-image-preview:large","max-video-preview":"max-video-preview:-1"},"canonical":"https:\/\/www.propea.eu\/de\/sicherheitskennzeichnung\/","og_locale":"de_DE","og_type":"article","og_title":"Sicherheitskennzeichnung - Propea","og_description":"Innovativer Ansatz zur Verbesserung der Arbeitssicherheit. Heutzutage ist die Reduzierung...","og_url":"https:\/\/www.propea.eu\/de\/sicherheitskennzeichnung\/","og_site_name":"Propea","article_modified_time":"2024-02-08T05:15:27+00:00","og_image":[{"width":1183,"height":788,"url":"https:\/\/www.propea.eu\/wp-content\/uploads\/2024\/01\/safety-signage_projection_idvum_signium.jpg","type":"image\/jpeg"}],"twitter_card":"summary_large_image","twitter_misc":{"Gesch\u00e4tzte Lesezeit":"4\u00a0Minuten"},"schema":{"@context":"https:\/\/schema.org","@graph":[{"@type":"WebPage","@id":"https:\/\/www.propea.eu\/de\/sicherheitskennzeichnung\/","url":"https:\/\/www.propea.eu\/de\/sicherheitskennzeichnung\/","name":"Sicherheitskennzeichnung - Propea","isPartOf":{"@id":"https:\/\/www.propea.eu\/#website"},"datePublished":"2024-02-05T17:46:10+00:00","dateModified":"2024-02-08T05:15:27+00:00","breadcrumb":{"@id":"https:\/\/www.propea.eu\/de\/sicherheitskennzeichnung\/#breadcrumb"},"inLanguage":"de","potentialAction":[{"@type":"ReadAction","target":["https:\/\/www.propea.eu\/de\/sicherheitskennzeichnung\/"]}]},{"@type":"BreadcrumbList","@id":"https:\/\/www.propea.eu\/de\/sicherheitskennzeichnung\/#breadcrumb","itemListElement":[{"@type":"ListItem","position":1,"name":"Home","item":"https:\/\/www.propea.eu\/de\/"},{"@type":"ListItem","position":2,"name":"Sicherheitskennzeichnung"}]},{"@type":"WebSite","@id":"https:\/\/www.propea.eu\/#website","url":"https:\/\/www.propea.eu\/","name":"Propea","description":"","potentialAction":[{"@type":"SearchAction","target":{"@type":"EntryPoint","urlTemplate":"https:\/\/www.propea.eu\/?s={search_term_string}"},"query-input":"required name=search_term_string"}],"inLanguage":"de"}]}},"_links":{"self":[{"href":"https:\/\/www.propea.eu\/de\/wp-json\/wp\/v2\/pages\/1393","targetHints":{"allow":["GET"]}}],"collection":[{"href":"https:\/\/www.propea.eu\/de\/wp-json\/wp\/v2\/pages"}],"about":[{"href":"https:\/\/www.propea.eu\/de\/wp-json\/wp\/v2\/types\/page"}],"author":[{"embeddable":true,"href":"https:\/\/www.propea.eu\/de\/wp-json\/wp\/v2\/users\/3"}],"replies":[{"embeddable":true,"href":"https:\/\/www.propea.eu\/de\/wp-json\/wp\/v2\/comments?post=1393"}],"version-history":[{"count":4,"href":"https:\/\/www.propea.eu\/de\/wp-json\/wp\/v2\/pages\/1393\/revisions"}],"predecessor-version":[{"id":1471,"href":"https:\/\/www.propea.eu\/de\/wp-json\/wp\/v2\/pages\/1393\/revisions\/1471"}],"wp:featuredmedia":[{"embeddable":true,"href":"https:\/\/www.propea.eu\/de\/wp-json\/wp\/v2\/media\/1247"}],"wp:attachment":[{"href":"https:\/\/www.propea.eu\/de\/wp-json\/wp\/v2\/media?parent=1393"}],"curies":[{"name":"wp","href":"https:\/\/api.w.org\/{rel}","templated":true}]}}