{"id":1118,"date":"2022-01-10T10:13:17","date_gmt":"2022-01-10T10:13:17","guid":{"rendered":"https:\/\/www.propea.eu\/piskotki\/"},"modified":"2024-01-31T16:47:57","modified_gmt":"2024-01-31T15:47:57","slug":"cookies","status":"publish","type":"page","link":"https:\/\/www.propea.eu\/de\/cookies\/","title":{"rendered":"Cookies"},"content":{"rendered":"<p>Cookies sind kleine Textdateien, die von Websites verwendet werden, um die Benutzererfahrung effizienter zu gestalten. Es handelt sich im Grunde um die Speicherung Ihrer Einstellungen f\u00fcr die Website, wie z.B. die Adresse oder die Auswahl der gew\u00fcnschten Sprache. Cookies erm\u00f6glichen es also, dass die Seite Informationen zeigt, die auf Ihre Bed\u00fcrfnisse zugeschnitten sind. Die Information kann nur gespeichert werden, wenn Sie dies zulassen &#8211; Websites k\u00f6nnen nicht auf Informationen zugreifen, es sei denn, Sie haben dies genehmigt, und sie k\u00f6nnen auch nicht auf andere Dateien auf Ihrem Computer oder Mobilger\u00e4t zugreifen.<\/p>\n<p>Diese Seite verwendet verschiedene Arten von Cookies. Zur Gew\u00e4hrleistung der Funktion aller Website-Funktionen werden folgende Cookies verwendet:<\/p>\n<h2>Unbedingt erforderliche Cookies<\/h2>\n<p>&#8222;Sie erm\u00f6glichen die Verwendung unbedingt erforderlicher Komponenten f\u00fcr das ordnungsgem\u00e4\u00dfe Funktionieren der Website. Ohne diese Cookies w\u00fcrden die von Ihnen auf dieser Website gew\u00fcnschten Dienste nicht richtig funktionieren (z. B. Anmeldung, Kaufprozess, &#8230;).&#8220;<\/p>\n<h2>Analytische Cookies<\/h2>\n<p>Wir ben\u00f6tigen sie zur \u00dcberwachung von Besuchen und Verhalten auf der Website, um die Benutzererfahrung zu verbessern. Aufgrund der gesammelten Daten ist keine Identifizierung der Benutzer m\u00f6glich, und die gesammelten Daten werden ausschlie\u00dflich f\u00fcr statistische Zwecke verwendet. Diese Website verwendet Google Analytics.<\/p>\n<h2>Marketing-Cookies<\/h2>\n<p>Diese Cookies sammeln Daten \u00fcber Ihre Besuche auf Websites. Solche Cookies werden h\u00e4ufig von Werbe- und sozialen Netzwerken (Dritte) verwendet, um Ihnen gezieltere Anzeigen anzuzeigen, die H\u00e4ufigkeit von Anzeigen zu begrenzen oder die Wirksamkeit von Werbekampagnen zu messen. Solche Cookies k\u00f6nnen das Tracking Ihrer Aktionen online erm\u00f6glichen. Das Ziel ist es, Anzeigen anzuzeigen, die f\u00fcr den einzelnen Benutzer relevant und interessant sind.<\/p>\n<p>Genauer Beschreibung jedes einzelnen Cookies und Zeitpunkt seiner Installation sind in der folgenden Tabelle ersichtlich:<\/p>\n<table>\n<tbody>\n<tr>\n<td><strong>&#8222;Cookie-Name<\/strong><\/td>\n<td><strong>Dienst<\/strong><\/td>\n<td><strong>Art<\/strong><\/td>\n<td><strong>Laufzeit<\/strong><\/td>\n<td><strong>Beschreibung<\/strong><\/td>\n<\/tr>\n<tr>\n<td><\/td>\n<td>propea.eu<\/td>\n<td>Unbedingt erforderliche Cookies<\/td>\n<td>1 jahr<\/td>\n<td>Wird verwendet, um die Entscheidungen des Benutzers in Bezug auf Cookies zu speichern. Die G\u00fcltigkeit des Cookies wird vom Benutzer festgelegt.<\/td>\n<\/tr>\n<tr>\n<td><\/td>\n<td>propea.eu<\/td>\n<td>Unbedingt erforderliche Cookies<\/td>\n<td><\/td>\n<td><\/td>\n<\/tr>\n<tr>\n<td>_ga<\/td>\n<td>Google Analytics<\/td>\n<td>Cookies zur Statistikverfolgung<\/td>\n<td>2 jahr<\/td>\n<td>Registriert eine eindeutige Identit\u00e4t (ID), die bei der Erstellung statistischer Daten dar\u00fcber verwendet wird, wie der Besucher die Website nutzt.<\/td>\n<\/tr>\n<tr>\n<td>_gat<\/td>\n<td>Google Analytics<\/td>\n<td>Cookies zur Statistikverfolgung<\/td>\n<td>Sitzung<\/td>\n<td>Die Google Analytics-Anwendung verwendet einen Cookie zur Steuerung der Anzahl der Anfragen.<\/td>\n<\/tr>\n<tr>\n<td>_gid<\/td>\n<td>Google Analytics<\/td>\n<td>Cookies zur Statistikverfolgung<\/td>\n<td>Sitzung<\/td>\n<td>Registriert eine eindeutige Identit\u00e4t (ID), die bei der Erstellung statistischer Daten dar\u00fcber verwendet wird, wie der Besucher die Website nutzt.<\/td>\n<\/tr>\n<\/tbody>\n<\/table>\n<h2>Cookies deaktivieren<\/h2>\n<p>Die meisten Webbrowser akzeptieren Cookies automatisch. Sie k\u00f6nnen Cookies jederzeit in den Browsereinstellungen deaktivieren. Informationen zu Cookie-Einstellungen in einzelnen Browsern finden Sie unter den folgenden Links:<\/p>\n<p><a href=\"https:\/\/support.google.com\/chrome\/answer\/95647?hl=sl-sl&amp;p=cpn_cookies\">Chrome<\/a><br \/>\n<a href=\"https:\/\/support.mozilla.org\/sl\/users\/auth?next=%2Fsl%2Fkb%2Fnew%3Ftitle%3DKako%2Bomogo%25C4%258Dite%2Bin%2Bonemogo%25C4%258Dite%2Bpi%25C5%25A1kotke%252C%2Bv%2Bkaterih%2Bspletne%2Bstrani%2Bhranijo%2Bva%25C5%25A1e%2Bnastavitve%26redirectslug%3Dkako-omogocite-onemogocite-piskote-v-katerih-splet%26redirectlocale%3Dsl\">Firefox<\/a><br \/>\n<a href=\"https:\/\/support.microsoft.com\/en-gb\/windows\/delete-and-manage-cookies-168dab11-0753-043d-7c16-ede5947fc64d\">Internet Explorer<\/a><br \/>\n<a href=\"https:\/\/help.opera.com\/en\/latest\/web-preferences\/\">Opera<\/a><br \/>\n<a href=\"https:\/\/support.apple.com\/safari\">Safari<\/a><\/p>\n<button class=\"js-nc-open-cookie-settings o-read-more o-read-more--full o-read-more--for-cookies\">Cookie Settings<\/button>\n","protected":false},"excerpt":{"rendered":"<p>Cookies sind kleine Textdateien, die von Websites verwendet werden, um&#8230;<\/p>\n","protected":false},"author":1,"featured_media":0,"parent":0,"menu_order":0,"comment_status":"closed","ping_status":"closed","template":"","meta":{"footnotes":""},"class_list":["post-1118","page","type-page","status-publish","hentry"],"acf":[],"yoast_head":"<!-- This site is optimized with the Yoast SEO plugin v21.7 - https:\/\/yoast.com\/wordpress\/plugins\/seo\/ -->\n<title>Cookies - Propea<\/title>\n<meta name=\"description\" content=\"Pi\u0161kotki so majhne datoteke z besedilom, ki jih spletne strani uporabljajo zato, da so izku\u0161nje uporabnikov u\u010dinkovitej\u0161e.\" \/>\n<meta name=\"robots\" content=\"index, follow, max-snippet:-1, max-image-preview:large, max-video-preview:-1\" \/>\n<link rel=\"canonical\" href=\"https:\/\/www.propea.eu\/de\/cookies\/\" \/>\n<meta property=\"og:locale\" content=\"de_DE\" \/>\n<meta property=\"og:type\" content=\"article\" \/>\n<meta property=\"og:title\" content=\"Cookies - Propea\" \/>\n<meta property=\"og:description\" content=\"Pi\u0161kotki so majhne datoteke z besedilom, ki jih spletne strani uporabljajo zato, da so izku\u0161nje uporabnikov u\u010dinkovitej\u0161e.\" \/>\n<meta property=\"og:url\" content=\"https:\/\/www.propea.eu\/de\/cookies\/\" \/>\n<meta property=\"og:site_name\" content=\"Propea\" \/>\n<meta property=\"article:modified_time\" content=\"2024-01-31T15:47:57+00:00\" \/>\n<meta name=\"twitter:card\" content=\"summary_large_image\" \/>\n<meta name=\"twitter:label1\" content=\"Gesch\u00e4tzte Lesezeit\" \/>\n\t<meta name=\"twitter:data1\" content=\"3\u00a0Minuten\" \/>\n<script type=\"application\/ld+json\" class=\"yoast-schema-graph\">{\"@context\":\"https:\/\/schema.org\",\"@graph\":[{\"@type\":\"WebPage\",\"@id\":\"https:\/\/www.propea.eu\/de\/cookies\/\",\"url\":\"https:\/\/www.propea.eu\/de\/cookies\/\",\"name\":\"Cookies - Propea\",\"isPartOf\":{\"@id\":\"https:\/\/www.propea.eu\/#website\"},\"datePublished\":\"2022-01-10T10:13:17+00:00\",\"dateModified\":\"2024-01-31T15:47:57+00:00\",\"description\":\"Pi\u0161kotki so majhne datoteke z besedilom, ki jih spletne strani uporabljajo zato, da so izku\u0161nje uporabnikov u\u010dinkovitej\u0161e.\",\"breadcrumb\":{\"@id\":\"https:\/\/www.propea.eu\/de\/cookies\/#breadcrumb\"},\"inLanguage\":\"de\",\"potentialAction\":[{\"@type\":\"ReadAction\",\"target\":[\"https:\/\/www.propea.eu\/de\/cookies\/\"]}]},{\"@type\":\"BreadcrumbList\",\"@id\":\"https:\/\/www.propea.eu\/de\/cookies\/#breadcrumb\",\"itemListElement\":[{\"@type\":\"ListItem\",\"position\":1,\"name\":\"Home\",\"item\":\"https:\/\/www.propea.eu\/de\/\"},{\"@type\":\"ListItem\",\"position\":2,\"name\":\"Cookies\"}]},{\"@type\":\"WebSite\",\"@id\":\"https:\/\/www.propea.eu\/#website\",\"url\":\"https:\/\/www.propea.eu\/\",\"name\":\"Propea\",\"description\":\"\",\"potentialAction\":[{\"@type\":\"SearchAction\",\"target\":{\"@type\":\"EntryPoint\",\"urlTemplate\":\"https:\/\/www.propea.eu\/?s={search_term_string}\"},\"query-input\":\"required name=search_term_string\"}],\"inLanguage\":\"de\"}]}<\/script>\n<!-- \/ Yoast SEO plugin. -->","yoast_head_json":{"title":"Cookies - Propea","description":"Pi\u0161kotki so majhne datoteke z besedilom, ki jih spletne strani uporabljajo zato, da so izku\u0161nje uporabnikov u\u010dinkovitej\u0161e.","robots":{"index":"index","follow":"follow","max-snippet":"max-snippet:-1","max-image-preview":"max-image-preview:large","max-video-preview":"max-video-preview:-1"},"canonical":"https:\/\/www.propea.eu\/de\/cookies\/","og_locale":"de_DE","og_type":"article","og_title":"Cookies - Propea","og_description":"Pi\u0161kotki so majhne datoteke z besedilom, ki jih spletne strani uporabljajo zato, da so izku\u0161nje uporabnikov u\u010dinkovitej\u0161e.","og_url":"https:\/\/www.propea.eu\/de\/cookies\/","og_site_name":"Propea","article_modified_time":"2024-01-31T15:47:57+00:00","twitter_card":"summary_large_image","twitter_misc":{"Gesch\u00e4tzte Lesezeit":"3\u00a0Minuten"},"schema":{"@context":"https:\/\/schema.org","@graph":[{"@type":"WebPage","@id":"https:\/\/www.propea.eu\/de\/cookies\/","url":"https:\/\/www.propea.eu\/de\/cookies\/","name":"Cookies - Propea","isPartOf":{"@id":"https:\/\/www.propea.eu\/#website"},"datePublished":"2022-01-10T10:13:17+00:00","dateModified":"2024-01-31T15:47:57+00:00","description":"Pi\u0161kotki so majhne datoteke z besedilom, ki jih spletne strani uporabljajo zato, da so izku\u0161nje uporabnikov u\u010dinkovitej\u0161e.","breadcrumb":{"@id":"https:\/\/www.propea.eu\/de\/cookies\/#breadcrumb"},"inLanguage":"de","potentialAction":[{"@type":"ReadAction","target":["https:\/\/www.propea.eu\/de\/cookies\/"]}]},{"@type":"BreadcrumbList","@id":"https:\/\/www.propea.eu\/de\/cookies\/#breadcrumb","itemListElement":[{"@type":"ListItem","position":1,"name":"Home","item":"https:\/\/www.propea.eu\/de\/"},{"@type":"ListItem","position":2,"name":"Cookies"}]},{"@type":"WebSite","@id":"https:\/\/www.propea.eu\/#website","url":"https:\/\/www.propea.eu\/","name":"Propea","description":"","potentialAction":[{"@type":"SearchAction","target":{"@type":"EntryPoint","urlTemplate":"https:\/\/www.propea.eu\/?s={search_term_string}"},"query-input":"required name=search_term_string"}],"inLanguage":"de"}]}},"_links":{"self":[{"href":"https:\/\/www.propea.eu\/de\/wp-json\/wp\/v2\/pages\/1118","targetHints":{"allow":["GET"]}}],"collection":[{"href":"https:\/\/www.propea.eu\/de\/wp-json\/wp\/v2\/pages"}],"about":[{"href":"https:\/\/www.propea.eu\/de\/wp-json\/wp\/v2\/types\/page"}],"author":[{"embeddable":true,"href":"https:\/\/www.propea.eu\/de\/wp-json\/wp\/v2\/users\/1"}],"replies":[{"embeddable":true,"href":"https:\/\/www.propea.eu\/de\/wp-json\/wp\/v2\/comments?post=1118"}],"version-history":[{"count":2,"href":"https:\/\/www.propea.eu\/de\/wp-json\/wp\/v2\/pages\/1118\/revisions"}],"predecessor-version":[{"id":1280,"href":"https:\/\/www.propea.eu\/de\/wp-json\/wp\/v2\/pages\/1118\/revisions\/1280"}],"wp:attachment":[{"href":"https:\/\/www.propea.eu\/de\/wp-json\/wp\/v2\/media?parent=1118"}],"curies":[{"name":"wp","href":"https:\/\/api.w.org\/{rel}","templated":true}]}}