{"id":1112,"date":"2024-01-31T17:33:37","date_gmt":"2024-01-31T16:33:37","guid":{"rendered":"https:\/\/www.propea.eu\/?page_id=1112"},"modified":"2024-01-31T18:08:34","modified_gmt":"2024-01-31T17:08:34","slug":"service","status":"publish","type":"page","link":"https:\/\/www.propea.eu\/de\/service\/","title":{"rendered":"Service"},"content":{"rendered":"<p>In der Industrie, in der st\u00f6rungsfreier Betrieb von Ausr\u00fcstung von entscheidender Bedeutung ist, sind regelm\u00e4\u00dfige Wartung und Servicearbeiten grundlegende Praktiken, um eine lange Lebensdauer und pr\u00e4zise Funktionsweise von Maschinen und Ausr\u00fcstungen sicherzustellen. Ein Unternehmen, das sich dieser Bedeutung bewusst ist, f\u00fchrt pr\u00e4ventive Wartungsarbeiten durch, plant regelm\u00e4\u00dfige Wartungsarbeiten sorgf\u00e4ltig und reduziert dadurch ungeplante Ausfallzeiten.<\/p>\n<p>Zus\u00e4tzlich zur Wartung und Instandhaltung von Maschinen sind die Hauptziele des Service in der Industrie darauf ausgerichtet:<\/p>\n<ol>\n<li><strong>Regelm\u00e4\u00dfige Wartung:<\/strong> Periodische Inspektionen, Reinigungen, Einstellungen und Austausch abgenutzter Teile zur Verhinderung von St\u00f6rungen.<\/li>\n<li><strong>Schnelle Reaktionsf\u00e4higkeit:<\/strong> Gew\u00e4hrleistung einer schnellen Reaktion und Problembehebung im Falle von St\u00f6rungen, um die Ausfallzeit zu minimieren.<\/li>\n<li><strong>Einsatz moderner Technologie:<\/strong> Implementierung von Innovationen wie fortschrittlichen Sensoren, k\u00fcnstlicher Intelligenz (KI), Prozessautomatisierung, zur Steigerung der Effizienz des Servicemanagements.<\/li>\n<li><strong>Qualifikation des Personals:<\/strong> Schulung von Technikern in der Wartung f\u00fcr ein besseres Verst\u00e4ndnis des Betriebs der Ausr\u00fcstung.<\/li>\n<\/ol>\n<p>Unabh\u00e4ngig davon, was Sie herstellen, ist die Sicherstellung der Zuverl\u00e4ssigkeit von Maschinen f\u00fcr das Endprodukt von entscheidender Bedeutung. Daher ist es wichtig, eine Wartungsstrategie in Ihren Prozess zu integrieren. Das Unternehmen Propea bietet eine umfassende Palette von L\u00f6sungen, von regelm\u00e4\u00dfiger Wartung \u00fcber die Modernisierung moderner Technologien bis hin zur \u00dcberholung von Maschinen, Modifikationen und der Rekonstruktion einzelner Komponenten elektrischer Systeme.<\/p>\n<h4>Unten sehen Sie ein Beispiel f\u00fcr den Anfangs- und Endzustand<\/h4>\n<p>&nbsp;<\/p>\n<p><strong>VORHER\u00a0 \u00a0 \u00a0 \u00a0 \u00a0 \u00a0 \u00a0 \u00a0 \u00a0 \u00a0 \u00a0 \u00a0 \u00a0 \u00a0 \u00a0 \u00a0 \u00a0 \u00a0 \u00a0 \u00a0 \u00a0 DANACH<\/strong><\/p>\n<p><img loading=\"lazy\" decoding=\"async\" class=\"alignnone size-medium wp-image-834\" src=\"https:\/\/www.propea.eu\/wp-content\/uploads\/2024\/01\/IMG_2395-225x300.jpg\" alt=\"\" width=\"225\" height=\"300\" srcset=\"https:\/\/www.propea.eu\/wp-content\/uploads\/2024\/01\/IMG_2395-225x300.jpg 225w, https:\/\/www.propea.eu\/wp-content\/uploads\/2024\/01\/IMG_2395-768x1024.jpg 768w, https:\/\/www.propea.eu\/wp-content\/uploads\/2024\/01\/IMG_2395-1152x1536.jpg 1152w, https:\/\/www.propea.eu\/wp-content\/uploads\/2024\/01\/IMG_2395-1536x2048.jpg 1536w, https:\/\/www.propea.eu\/wp-content\/uploads\/2024\/01\/IMG_2395-scaled.jpg 1920w\" sizes=\"auto, (max-width: 225px) 100vw, 225px\" \/><img loading=\"lazy\" decoding=\"async\" class=\"alignnone size-medium wp-image-832\" src=\"https:\/\/www.propea.eu\/wp-content\/uploads\/2024\/01\/IMG_6853-225x300.jpg\" alt=\"\" width=\"225\" height=\"300\" srcset=\"https:\/\/www.propea.eu\/wp-content\/uploads\/2024\/01\/IMG_6853-225x300.jpg 225w, https:\/\/www.propea.eu\/wp-content\/uploads\/2024\/01\/IMG_6853-768x1024.jpg 768w, https:\/\/www.propea.eu\/wp-content\/uploads\/2024\/01\/IMG_6853-1152x1536.jpg 1152w, https:\/\/www.propea.eu\/wp-content\/uploads\/2024\/01\/IMG_6853-1536x2048.jpg 1536w, https:\/\/www.propea.eu\/wp-content\/uploads\/2024\/01\/IMG_6853-scaled.jpg 1920w\" sizes=\"auto, (max-width: 225px) 100vw, 225px\" \/><\/p>\n<p>&nbsp;<\/p>\n<p>&nbsp;<\/p>\n","protected":false},"excerpt":{"rendered":"<p>In der Industrie, in der st\u00f6rungsfreier Betrieb von Ausr\u00fcstung von&#8230;<\/p>\n","protected":false},"author":2,"featured_media":954,"parent":0,"menu_order":0,"comment_status":"closed","ping_status":"closed","template":"","meta":{"footnotes":""},"class_list":["post-1112","page","type-page","status-publish","has-post-thumbnail","hentry"],"acf":[],"yoast_head":"<!-- This site is optimized with the Yoast SEO plugin v21.7 - https:\/\/yoast.com\/wordpress\/plugins\/seo\/ -->\n<title>Service - Propea<\/title>\n<meta name=\"description\" content=\"V industriji, kjer je nemoteno delovanje opreme klju\u010dnega pomena, je redno vzdr\u017eevanje in servisiranje osnovna praksa za zagotavljanje dolge \u017eivljenjske dobe ter natan\u010dnega delovanja strojev in opreme.\" \/>\n<meta name=\"robots\" content=\"index, follow, max-snippet:-1, max-image-preview:large, max-video-preview:-1\" \/>\n<link rel=\"canonical\" href=\"https:\/\/www.propea.eu\/de\/service\/\" \/>\n<meta property=\"og:locale\" content=\"de_DE\" \/>\n<meta property=\"og:type\" content=\"article\" \/>\n<meta property=\"og:title\" content=\"Service - Propea\" \/>\n<meta property=\"og:description\" content=\"V industriji, kjer je nemoteno delovanje opreme klju\u010dnega pomena, je redno vzdr\u017eevanje in servisiranje osnovna praksa za zagotavljanje dolge \u017eivljenjske dobe ter natan\u010dnega delovanja strojev in opreme.\" \/>\n<meta property=\"og:url\" content=\"https:\/\/www.propea.eu\/de\/service\/\" \/>\n<meta property=\"og:site_name\" content=\"Propea\" \/>\n<meta property=\"article:modified_time\" content=\"2024-01-31T17:08:34+00:00\" \/>\n<meta property=\"og:image\" content=\"https:\/\/www.propea.eu\/wp-content\/uploads\/2024\/01\/UV-print-scaled-e1705625696532.jpg\" \/>\n\t<meta property=\"og:image:width\" content=\"1920\" \/>\n\t<meta property=\"og:image:height\" content=\"960\" \/>\n\t<meta property=\"og:image:type\" content=\"image\/jpeg\" \/>\n<meta name=\"twitter:card\" content=\"summary_large_image\" \/>\n<meta name=\"twitter:label1\" content=\"Gesch\u00e4tzte Lesezeit\" \/>\n\t<meta name=\"twitter:data1\" content=\"2\u00a0Minuten\" \/>\n<script type=\"application\/ld+json\" class=\"yoast-schema-graph\">{\"@context\":\"https:\/\/schema.org\",\"@graph\":[{\"@type\":\"WebPage\",\"@id\":\"https:\/\/www.propea.eu\/de\/service\/\",\"url\":\"https:\/\/www.propea.eu\/de\/service\/\",\"name\":\"Service - Propea\",\"isPartOf\":{\"@id\":\"https:\/\/www.propea.eu\/#website\"},\"datePublished\":\"2024-01-31T16:33:37+00:00\",\"dateModified\":\"2024-01-31T17:08:34+00:00\",\"description\":\"V industriji, kjer je nemoteno delovanje opreme klju\u010dnega pomena, je redno vzdr\u017eevanje in servisiranje osnovna praksa za zagotavljanje dolge \u017eivljenjske dobe ter natan\u010dnega delovanja strojev in opreme.\",\"breadcrumb\":{\"@id\":\"https:\/\/www.propea.eu\/de\/service\/#breadcrumb\"},\"inLanguage\":\"de\",\"potentialAction\":[{\"@type\":\"ReadAction\",\"target\":[\"https:\/\/www.propea.eu\/de\/service\/\"]}]},{\"@type\":\"BreadcrumbList\",\"@id\":\"https:\/\/www.propea.eu\/de\/service\/#breadcrumb\",\"itemListElement\":[{\"@type\":\"ListItem\",\"position\":1,\"name\":\"Home\",\"item\":\"https:\/\/www.propea.eu\/de\/\"},{\"@type\":\"ListItem\",\"position\":2,\"name\":\"Service\"}]},{\"@type\":\"WebSite\",\"@id\":\"https:\/\/www.propea.eu\/#website\",\"url\":\"https:\/\/www.propea.eu\/\",\"name\":\"Propea\",\"description\":\"\",\"potentialAction\":[{\"@type\":\"SearchAction\",\"target\":{\"@type\":\"EntryPoint\",\"urlTemplate\":\"https:\/\/www.propea.eu\/?s={search_term_string}\"},\"query-input\":\"required name=search_term_string\"}],\"inLanguage\":\"de\"}]}<\/script>\n<!-- \/ Yoast SEO plugin. -->","yoast_head_json":{"title":"Service - Propea","description":"V industriji, kjer je nemoteno delovanje opreme klju\u010dnega pomena, je redno vzdr\u017eevanje in servisiranje osnovna praksa za zagotavljanje dolge \u017eivljenjske dobe ter natan\u010dnega delovanja strojev in opreme.","robots":{"index":"index","follow":"follow","max-snippet":"max-snippet:-1","max-image-preview":"max-image-preview:large","max-video-preview":"max-video-preview:-1"},"canonical":"https:\/\/www.propea.eu\/de\/service\/","og_locale":"de_DE","og_type":"article","og_title":"Service - Propea","og_description":"V industriji, kjer je nemoteno delovanje opreme klju\u010dnega pomena, je redno vzdr\u017eevanje in servisiranje osnovna praksa za zagotavljanje dolge \u017eivljenjske dobe ter natan\u010dnega delovanja strojev in opreme.","og_url":"https:\/\/www.propea.eu\/de\/service\/","og_site_name":"Propea","article_modified_time":"2024-01-31T17:08:34+00:00","og_image":[{"width":1920,"height":960,"url":"https:\/\/www.propea.eu\/wp-content\/uploads\/2024\/01\/UV-print-scaled-e1705625696532.jpg","type":"image\/jpeg"}],"twitter_card":"summary_large_image","twitter_misc":{"Gesch\u00e4tzte Lesezeit":"2\u00a0Minuten"},"schema":{"@context":"https:\/\/schema.org","@graph":[{"@type":"WebPage","@id":"https:\/\/www.propea.eu\/de\/service\/","url":"https:\/\/www.propea.eu\/de\/service\/","name":"Service - Propea","isPartOf":{"@id":"https:\/\/www.propea.eu\/#website"},"datePublished":"2024-01-31T16:33:37+00:00","dateModified":"2024-01-31T17:08:34+00:00","description":"V industriji, kjer je nemoteno delovanje opreme klju\u010dnega pomena, je redno vzdr\u017eevanje in servisiranje osnovna praksa za zagotavljanje dolge \u017eivljenjske dobe ter natan\u010dnega delovanja strojev in opreme.","breadcrumb":{"@id":"https:\/\/www.propea.eu\/de\/service\/#breadcrumb"},"inLanguage":"de","potentialAction":[{"@type":"ReadAction","target":["https:\/\/www.propea.eu\/de\/service\/"]}]},{"@type":"BreadcrumbList","@id":"https:\/\/www.propea.eu\/de\/service\/#breadcrumb","itemListElement":[{"@type":"ListItem","position":1,"name":"Home","item":"https:\/\/www.propea.eu\/de\/"},{"@type":"ListItem","position":2,"name":"Service"}]},{"@type":"WebSite","@id":"https:\/\/www.propea.eu\/#website","url":"https:\/\/www.propea.eu\/","name":"Propea","description":"","potentialAction":[{"@type":"SearchAction","target":{"@type":"EntryPoint","urlTemplate":"https:\/\/www.propea.eu\/?s={search_term_string}"},"query-input":"required name=search_term_string"}],"inLanguage":"de"}]}},"_links":{"self":[{"href":"https:\/\/www.propea.eu\/de\/wp-json\/wp\/v2\/pages\/1112","targetHints":{"allow":["GET"]}}],"collection":[{"href":"https:\/\/www.propea.eu\/de\/wp-json\/wp\/v2\/pages"}],"about":[{"href":"https:\/\/www.propea.eu\/de\/wp-json\/wp\/v2\/types\/page"}],"author":[{"embeddable":true,"href":"https:\/\/www.propea.eu\/de\/wp-json\/wp\/v2\/users\/2"}],"replies":[{"embeddable":true,"href":"https:\/\/www.propea.eu\/de\/wp-json\/wp\/v2\/comments?post=1112"}],"version-history":[{"count":3,"href":"https:\/\/www.propea.eu\/de\/wp-json\/wp\/v2\/pages\/1112\/revisions"}],"predecessor-version":[{"id":1298,"href":"https:\/\/www.propea.eu\/de\/wp-json\/wp\/v2\/pages\/1112\/revisions\/1298"}],"wp:featuredmedia":[{"embeddable":true,"href":"https:\/\/www.propea.eu\/de\/wp-json\/wp\/v2\/media\/954"}],"wp:attachment":[{"href":"https:\/\/www.propea.eu\/de\/wp-json\/wp\/v2\/media?parent=1112"}],"curies":[{"name":"wp","href":"https:\/\/api.w.org\/{rel}","templated":true}]}}